{"id":470,"date":"2024-05-13T11:28:39","date_gmt":"2024-05-13T09:28:39","guid":{"rendered":"https:\/\/www.letspass.eu\/home-page\/"},"modified":"2024-10-09T19:14:10","modified_gmt":"2024-10-09T17:14:10","slug":"home-page","status":"publish","type":"page","link":"https:\/\/www.letspass.eu\/fi\/","title":{"rendered":"Home"},"content":{"rendered":"<div class=\"payoff-home\" style=\"background: url('https:\/\/www.letspass.eu\/wp-content\/uploads\/2024\/05\/letspass-1920x600-3-1.gif');\"><\/div>\n\n\n<div class=\"fascia-img-testo-cta bg-azure \">\n    <div class=\"fascia-img-testo-cta__inner container\">\n\n        <div class=\"grid-cols pos-left \">\n            <img decoding=\"async\" src=\"\" alt=\"\">\n\n            <div class=\"cta\">\n                <span class=\"title\">Projekti<\/span>\n                <div class=\"text\"><p>\u201cLet\u2019s PASS\u201d on dynaaminen ja mullistava hanke, joka haastaa vammaisuuteen liittyv\u00e4t k\u00e4sitykset esitt\u00e4viss\u00e4 taiteissa. Se toimii yhteisen\u00e4 pyynt\u00f6n\u00e4 muutokselle ja per\u00e4\u00e4nkuuluttaa sek\u00e4 tuoretta n\u00e4k\u00f6kulmaa ett\u00e4 voimakkaampaa inklusiivisuutta. Projektin p\u00e4\u00e4tavoitteena onkin tarttua siihen, kuinka aliedustettuina sek\u00e4 taiteilijat ett\u00e4 yleis\u00f6t, joilla on on kognitiivisia haasteita tai aistivammoja, ovat live-esityksiss\u00e4 ja ylip\u00e4\u00e4ns\u00e4 esitt\u00e4vien taiteiden parissa.<br \/>\nP\u00e4\u00e4kohdat:<br \/>\nProjektin nimi: \u201cLet\u2019s PASS\u201d (Promoting Accessible Shows)<br \/>\nTavoite: Edist\u00e4\u00e4 saavutettavuutta, sitoutumista ja n\u00e4kyvyytt\u00e4 kognitiivisten haasteiden ja aistivammojen n\u00e4k\u00f6kulmasta esitt\u00e4vien taiteiden parissa.<br \/>\nRahoitus: Osarahoittajana Euroopan Unionin Luova Eurooppa -rahoitusohjelma<br \/>\nToimijat:<br \/>\nP\u00e4\u00e4koordinaattori: Fondazione Arturo Toscanini (Italia)<br \/>\nPartnerit:<br \/>\nACCAC (Suomi)<br \/>\nEn Dynamei (Kreikka)<br \/>\nStudio Citadela (T\u0161ekin tasavalta)<br \/>\nInnovatiivisen suunnittelun, taiteilijayhteisty\u00f6n ja yhteis\u00f6llisyyden avulla \u201cLet\u2019s PASS\u201d -projekti pyrkii luomaan inklusiivisemman ja elinvoimaisemman kulttuurikent\u00e4n. Projektin tavoitteena on esteit\u00e4 purkamalla ja kent\u00e4n \u00e4\u00e4ni\u00e4 vahvistamalla muuttaa esitt\u00e4vien taiteiden kentt\u00e4 n\u00e4ytt\u00e4m\u00f6ksi, jossa jokainen voi osallistua ja kukoistaa.<\/p>\n<\/div>\n\n                            <\/div>\n\n        <\/div>\n\n    <\/div>\n<\/div>\n\n\n<div class=\"fascia-testo-btn bg-azure \">\n    <div class=\"fascia-testo-btn__inner container\">\n\n        <div class=\"wrapper\">\n            <div class=\"text\"><p>\u00abAloittamalla lapsista, joilla on eniten haasteita ja muuttamalla ne kaikille avoimiksi mahdollisuuksiksi on l\u00e4ht\u00f6kohta kaikelle muutokselle.\u00bb<\/p>\n<p>&nbsp;<\/p>\n<p>Beatrice Vitali<br \/>\n[Emili &amp; Macchian kirjasta &#8221;Reading Inclusioni&#8221;]<\/p>\n<\/div>\n                    <\/div>\n\n    <\/div>\n<\/div>\n\n<div class=\"fascia-partner\">\n    <div class=\"fascia-partner__inner container\">\n\n                    <span class=\"title\">Partnerit<\/span>\n        \n                    <div class=\"elenco-partners\">\n                \n                    <div class=\"partner\">\n                        <img decoding=\"async\" src=\"https:\/\/www.letspass.eu\/wp-content\/uploads\/2024\/05\/About-us-Fondazione-Toscanini-1.jpg\" alt=\"About us - Fondazione Toscanini\">\n\n                                                    <p class=\"name\">Fondazione Arturo Toscanini | Italia<\/p>\n                                            <\/div>\n\n                \n                    <div class=\"partner\">\n                        <img decoding=\"async\" src=\"https:\/\/www.letspass.eu\/wp-content\/uploads\/2024\/10\/Finland_ACCAC.png\" alt=\"Finland_ACCAC\">\n\n                                                    <p class=\"name\">ACCAC | Suomi<\/p>\n                                            <\/div>\n\n                \n                    <div class=\"partner\">\n                        <img decoding=\"async\" src=\"https:\/\/www.letspass.eu\/wp-content\/uploads\/2024\/05\/About-us-En-Dynamei.jpg\" alt=\"About us - En Dynamei\">\n\n                                                    <p class=\"name\">En Dynamei | Kreikka<\/p>\n                                            <\/div>\n\n                \n                    <div class=\"partner\">\n                        <img decoding=\"async\" src=\"https:\/\/www.letspass.eu\/wp-content\/uploads\/2024\/05\/About-us-Studio-Citadela.jpg\" alt=\"About us- Studio Citadela\">\n\n                                                    <p class=\"name\">Studio Citadela | T\u0161ekin tasavalta<\/p>\n                                            <\/div>\n\n                            <\/div>\n        \n        \n    <\/div>\n<\/div>\n\n\n<div class=\"fascia-img-testo-cta bg-azure \">\n    <div class=\"fascia-img-testo-cta__inner container\">\n\n        <div class=\"grid-cols pos-left \">\n            <img decoding=\"async\" src=\"\" alt=\"\">\n\n            <div class=\"cta\">\n                <span class=\"title\">Projekti<\/span>\n                <div class=\"text\"><p>Let\u2019s PASS: mullistava esitt\u00e4vien taiteiden hanke. T\u00e4m\u00e4n Luova Eurooppa -rahoitusohjelman tukeman hankkeen tavoitteena on parantaa sellaisten taiteilijoiden ja yleis\u00f6jen sitoutumista ja n\u00e4kyvyytt\u00e4, joilla on kognitiivisia haasteita tai aistivamma. Arturo Toscanini Foundationin (Italia) vet\u00e4m\u00e4 hanke, jossa ovat mukana my\u00f6s ACCAC (Suomi), En Dynamei (Kreikka) ja Studio Citadela (T\u0161ekin tasavalta).<\/p>\n<\/div>\n\n                            <\/div>\n\n        <\/div>\n\n    <\/div>\n<\/div>\n\n\n<div class=\"fascia-testo bg-white \">\n    <div class=\"fascia-testo__inner container\">\n\n        <div class=\"wrapper\">\n            <div class=\"text\"><p>Olemme kaikki yksil\u00f6it\u00e4, joilla on omat fyysiset piirteet, persoonallisuus, tausta, uskomukset, seksuaalinen suuntautuminen sek\u00e4 muut kyvyt. T\u00e4m\u00e4n mahtavan monimuotoisuuden keskell\u00e4 meill\u00e4 kaikilla on my\u00f6s yhten\u00e4inen polku: genetiikka, synnyinpaikka, yksil\u00f6lliset vahvuudet ja mieltymykset. Yksil\u00f6llinen identiteettimme erottaa meid\u00e4t muista, mutta samalla monimuotoisuutemme yhdist\u00e4\u00e4 meid\u00e4t tekem\u00e4ll\u00e4 meist\u00e4 tasavertaisen korvaamattomia ja synnytt\u00e4m\u00e4ll\u00e4 tehokasta yhteisty\u00f6t\u00e4 yhteis\u00f6n\u00e4.<\/p>\n<p>&nbsp;<\/p>\n<p>PASS-projektissa monimuotoisuus ei ole vain arvo, vaan mahdollisuus kasvaa sek\u00e4 yksil\u00f6n\u00e4 ett\u00e4 yhteis\u00f6n\u00e4. Tavoitteenamme on luoda uusi l\u00e4hestymistapa esitt\u00e4viin taiteisiin, jotta jokainen taiteilija voi tuntea olevansa p\u00e4\u00e4osassa ja esiinty\u00e4 vapaasti ja esteett\u00e4, ja jotta esitykset olisivat kaikille saavutettavia.<\/p>\n<p>&nbsp;<\/p>\n<h3>Projektin yleiskatsaus: saavutettavien esitysten luominen<\/h3>\n<p>&nbsp;<\/p>\n<p>T\u00e4ss\u00e4 mullistavassa eurooppalaisessa hankkeessa partnerit ty\u00f6skentelev\u00e4t yhdess\u00e4 tuottaakseen inklusiivisen, monitaiteellisen pilottiesityksen. Teknologiaa, musiikkia, teatteria, tanssia ja kuvataidetta hy\u00f6dynt\u00e4m\u00e4ll\u00e4 projekti aktiivisesti osallistaa vammaisia taiteilijoita.<\/p>\n<p>&nbsp;<\/p>\n<h3>P\u00e4\u00e4kohdat:<\/h3>\n<p>&nbsp;<\/p>\n<p>Tarpeiden arviointi: Partnerit kartoittavat tarpeet ja toimintatavat, kontaktoivat sidosryhmi\u00e4 mm. kouluista ja yhdistyksist\u00e4. Partnerit luovat yhdess\u00e4 saavutettavien esitysten ohjeistukset.<\/p>\n<p>&nbsp;<\/p>\n<p>Yhdess\u00e4 ty\u00f6skentely: Vammaiset taiteilijat ty\u00f6skentelev\u00e4t yhdess\u00e4 peruskoululaisten kanssa kehitt\u00e4\u00e4kseen teknologiaa ja taidetta sis\u00e4lt\u00e4v\u00e4n pilottiesityksen.<\/p>\n<p>&nbsp;<\/p>\n<p>Ty\u00f6pajat ja taiteilijaresidenssit: Kokeelliset ty\u00f6pajat kouluissa sek\u00e4 taiteilijaresidenssit muovaavat esityst\u00e4, ja henkil\u00f6kuntaa koulutetaan saavutettavuusasioissa.<\/p>\n<p>&nbsp;<\/p>\n<p>Debyytti ja kiertue: Esitys saa ensi-iltansa Italiassa maaliskuussa 2025, ja kiert\u00e4\u00e4 sen j\u00e4lkeen partnerimaissa.<\/p>\n<p>&nbsp;<\/p>\n<p>Projektin p\u00e4\u00e4tuotos on luoda mahdollisimman saavutettavan esityksen malli, jota t\u00e4ydennet\u00e4\u00e4n medialla ja kattavilla ohjeilla.<\/p>\n<p>&nbsp;<\/p>\n<h3>Aihe<\/h3>\n<p>&nbsp;<\/p>\n<p>Esityksen kantavana teemana on el\u00e4m\u00e4n juhlistaminen. Tutkimme n\u00e4it\u00e4 kysymyksi\u00e4:<\/p>\n<p>&nbsp;<\/p>\n<p>Kuinka sin\u00e4 juhlistat el\u00e4m\u00e4\u00e4?<br \/>\nMit\u00e4 juhlistat omassa el\u00e4m\u00e4ss\u00e4si?<br \/>\nMik\u00e4 mahdollistaa sen, ett\u00e4 voimme juhlistaa el\u00e4m\u00e4\u00e4?<br \/>\nMit\u00e4 tekisit, jos olisi maailman viimeinen p\u00e4iv\u00e4?<\/p>\n<p>&nbsp;<\/p>\n<p>Jokainen partneri tuo oman n\u00e4k\u00f6kulmansa teemaan. Yhteisen keskustelun j\u00e4lkeen p\u00e4\u00e4t\u00e4mme esitykselle lopullisen l\u00e4hestymistavan ja estetiikan.<\/p>\n<p>&nbsp;<\/p>\n<h3>Tavoitteet<\/h3>\n<ul>\n<li>Esitt\u00e4vien taiteiden toimijoiden kapasiteetin kasvattaminen saavutettavan taiteellisen sis\u00e4ll\u00f6n luomiseksi<\/li>\n<li>Taiteen saavutettavuuteen liittyv\u00e4n vastakkainasettelun luominen eri sidosryhmien keskuudessa.<\/li>\n<li>Vammaisten taiteilijoiden n\u00e4kyvyyden ja liikkuvuuden parantaminen Euroopassa<\/li>\n<li>Yleis\u00f6n huomion kiinnitt\u00e4minen lapsiin joilla on kognitiivisia haasteita tai aistivamma<\/li>\n<\/ul>\n<p>&nbsp;<\/p>\n<h3>Tulokset<\/h3>\n<ul>\n<li>Vammaisten taiteilijoiden osaamisen kehitt\u00e4minen ja ty\u00f6llisyyden parantaminen<\/li>\n<li>Lasten kiinnostuksen lis\u00e4\u00e4minen ja osallistumisen kasvattaminen esitt\u00e4vi\u00e4 taiteita kohtaan<\/li>\n<li>Kulttuuriorganisaatioiden resurssien kasvattaminen sosiaalisesti t\u00e4rke\u00e4n taiteilijayhteisty\u00f6n mahdollistamiseksi<\/li>\n<li>Luoda yhdess\u00e4 mahdollisimman saavutettavien esitysten ohjeistus<\/li>\n<\/ul>\n<p>&nbsp;<\/p>\n<h3>Aikataulu<\/h3>\n<ul>\n<li>Projektin aloitus 1. tammikuuta 2024<\/li>\n<li>Projektin kesto: 25 kuukautta<\/li>\n<li>Aihe: Luova Eurooppa (CREA)<\/li>\n<\/ul>\n<\/div>\n        <\/div>\n\n    <\/div>\n<\/div>\n\n\n<div class=\"wp-block-cp-timeline-content-timeline Cool-Content-Timeline\"><div class=\"cool-timeline-block-f6ad479c-f9ad-41e0-aa72-648409440602\"><div class=\"cool-vertical-timeline-body ctlb-wrapper both-sided left\"><div class=\"cool-timeline-block-list\">\n<div class=\"wp-block-cp-timeline-content-timeline-child swiper-slide\"><div class=\"timeline-content icon-false \"><div class=\"timeline-block-timeline ctl-row  position-right\"><div class=\"ctl-6 timeline-block-time\"><div class=\"story-time\"><p>Phase 1<\/p><\/div><\/div><div class=\"timeline-block-icon\"><svg stroke=\"currentColor\" fill=\"currentColor\" stroke-width=\"0\" viewBox=\"0 0 512 512\" height=\"1em\" width=\"1em\" xmlns=\"http:\/\/www.w3.org\/2000\/svg\"><path d=\"M256 8C119 8 8 119 8 256s111 248 248 248 248-111 248-248S393 8 256 8z\"><\/path><\/svg><\/div><div class=\"ctl-6 timeline-block-detail\"><div class=\"story-details\"><div class=\"story-content\">\n<h3 class=\"wp-block-heading ctlb-block-title\" style=\"padding-top:0px;padding-right:0px;padding-bottom:0px;padding-left:0px\">Tiedon ker\u00e4\u00e4minen<\/h3>\n\n\n\n<p class=\"ctlb-block-desc\" style=\"padding-top:0px;padding-right:0px;padding-bottom:0px;padding-left:0px\">Jokainen partneri yhdess\u00e4 sidosryhmien &#8211; vammaisyhteis\u00f6jen, kulttuuritoimijoiden, teknikoiden ja opetusalan ammattilaisen &#8211; kanssa ker\u00e4\u00e4 tietoa tarpeista ja mahdollisista ratkaisuista. Partnerit korostavat vammaisten ihmisten esityksiss\u00e4 kohtaamat haasteet ja mahdolliset ratkaisut.<\/p>\n<\/div><\/div><\/div><\/div><\/div><\/div>\n\n\n\n<div class=\"wp-block-cp-timeline-content-timeline-child swiper-slide\"><div class=\"timeline-content icon-false \"><div class=\"timeline-block-timeline ctl-row  position-left\"><div class=\"ctl-6 timeline-block-time\"><div class=\"story-time\"><p>Phase 2<\/p><\/div><\/div><div class=\"timeline-block-icon\"><svg stroke=\"currentColor\" fill=\"currentColor\" stroke-width=\"0\" viewBox=\"0 0 512 512\" height=\"1em\" width=\"1em\" xmlns=\"http:\/\/www.w3.org\/2000\/svg\"><path d=\"M256 8C119 8 8 119 8 256s111 248 248 248 248-111 248-248S393 8 256 8z\"><\/path><\/svg><\/div><div class=\"ctl-6 timeline-block-detail\"><div class=\"story-details\"><div class=\"story-content\">\n<h3 class=\"wp-block-heading ctlb-block-title\" style=\"padding-top:0px;padding-right:0px;padding-bottom:0px;padding-left:0px\">Taiteellinen virtuaaliresidenssi ja live-esitykset<\/h3>\n\n\n\n<p class=\"ctlb-block-desc\" style=\"padding-top:0px;padding-right:0px;padding-bottom:0px;padding-left:0px\">Taiteilijaryhm\u00e4 ja heid\u00e4n valmentajansa osallistuvat virtuaaliresidenssiin, jonka tavoitteena on luoda esitys, jossa on mukana monenlaisia vammaisia ihmisi\u00e4. Esitys n\u00e4ytet\u00e4\u00e4n 4 live-esityksen\u00e4. Tapahtuman avulla voidaan my\u00f6s ker\u00e4t\u00e4 palautetta toteutettujen ratkaisujen ja esityskokemuksen pohjalta.<\/p>\n<\/div><\/div><\/div><\/div><\/div><\/div>\n\n\n\n<div class=\"wp-block-cp-timeline-content-timeline-child swiper-slide\"><div class=\"timeline-content icon-false \"><div class=\"timeline-block-timeline ctl-row  position-right\"><div class=\"ctl-6 timeline-block-time\"><div class=\"story-time\"><p>Phase 3<\/p><\/div><\/div><div class=\"timeline-block-icon\"><svg stroke=\"currentColor\" fill=\"currentColor\" stroke-width=\"0\" viewBox=\"0 0 512 512\" height=\"1em\" width=\"1em\" xmlns=\"http:\/\/www.w3.org\/2000\/svg\"><path d=\"M256 8C119 8 8 119 8 256s111 248 248 248 248-111 248-248S393 8 256 8z\"><\/path><\/svg><\/div><div class=\"ctl-6 timeline-block-detail\"><div class=\"story-details\"><div class=\"story-content\">\n<h3 class=\"wp-block-heading ctlb-block-title\" style=\"padding-top:0px;padding-right:0px;padding-bottom:0px;padding-left:0px\">Laajempi levitt\u00e4minen<\/h3>\n\n\n\n<p class=\"ctlb-block-desc\" style=\"padding-top:0px;padding-right:0px;padding-bottom:0px;padding-left:0px\">Partnerit arvioivat tehtyjen toimenpiteiden vaikutusta ja soveltuvuutta, laativat listan poistettavissa olevista haasteista ja ehdottavat ratkaisuja tapahtumissa ilmeneviin haasteisiin. Lista ratkaisuehdotuksista jaetaan eurooppalaisille partnereille. Toimenpiteiden seuraaminen auttaa analysoimaan, kuinka hyvin toimenpiteit\u00e4 on voitu toteuttaa ja kuinka hyvin ne on monistettavissa eri esityksiin. Loppuarvioinnissa selvitet\u00e4\u00e4n, kuinka toimenpiteet toteutettiin eri tapahtumapaikoissa ja millaisia haasteita ja ongelmia niiss\u00e4 ilmeni.<\/p>\n<\/div><\/div><\/div><\/div><\/div><\/div>\n\n\n\n<div class=\"wp-block-cp-timeline-content-timeline-child swiper-slide\"><div class=\"timeline-content icon-false \"><div class=\"timeline-block-timeline ctl-row  position-left\"><div class=\"ctl-6 timeline-block-time\"><div class=\"story-time\"><p>Phase 4<\/p><\/div><\/div><div class=\"timeline-block-icon\"><svg stroke=\"currentColor\" fill=\"currentColor\" stroke-width=\"0\" viewBox=\"0 0 512 512\" height=\"1em\" width=\"1em\" xmlns=\"http:\/\/www.w3.org\/2000\/svg\"><path d=\"M256 8C119 8 8 119 8 256s111 248 248 248 248-111 248-248S393 8 256 8z\"><\/path><\/svg><\/div><div class=\"ctl-6 timeline-block-detail\"><div class=\"story-details\"><div class=\"story-content\">\n<h3 class=\"wp-block-heading ctlb-block-title\" style=\"padding-top:0px;padding-right:0px;padding-bottom:0px;padding-left:0px\">Saavutettavuusverkoston luominen<\/h3>\n\n\n\n<p class=\"ctlb-block-desc\" style=\"padding-top:0px;padding-right:0px;padding-bottom:0px;padding-left:0px\">PASS on vain alku, joka n\u00e4ytt\u00e4\u00e4, kuinka vammaiset taiteilijat voivat olla osa kaikille soveltuvaa esityst\u00e4. Esityksist\u00e4 saatujen tulosten ja ker\u00e4ttyjen palautteiden perusteella on tarkoitus viel\u00e4 luoda verkosto, jonka avulla PASS-projektin aikana kehitetty esitysmalli voidaan uusia.<\/p>\n<\/div><\/div><\/div><\/div><\/div><\/div>\n<\/div><\/div><\/div><\/div>\n","protected":false},"excerpt":{"rendered":"","protected":false},"author":1,"featured_media":0,"parent":0,"menu_order":0,"comment_status":"closed","ping_status":"closed","template":"","meta":{"_acf_changed":false,"footnotes":""},"class_list":["post-470","page","type-page","status-publish","hentry"],"acf":[],"yoast_head":"<!-- This site is optimized with the Yoast SEO plugin v27.3 - https:\/\/yoast.com\/product\/yoast-seo-wordpress\/ -->\n<title>Home | PASS - Promoting Accessible Shows<\/title>\n<meta name=\"description\" content=\"\u201dLet\u2019s PASS\u201d is a call to action, a call for a change of perspective, a counter-narrative of disabilities in the performing arts.\" \/>\n<meta name=\"robots\" content=\"index, follow, max-snippet:-1, max-image-preview:large, max-video-preview:-1\" \/>\n<link rel=\"canonical\" href=\"https:\/\/www.letspass.eu\/fi\/\" \/>\n<meta property=\"og:locale\" content=\"fi_FI\" \/>\n<meta property=\"og:type\" content=\"article\" \/>\n<meta property=\"og:title\" content=\"Home | PASS - Promoting Accessible Shows\" \/>\n<meta property=\"og:description\" content=\"\u201dLet\u2019s PASS\u201d is a call to action, a call for a change of perspective, a counter-narrative of disabilities in the performing arts.\" \/>\n<meta property=\"og:url\" content=\"https:\/\/www.letspass.eu\/fi\/\" \/>\n<meta property=\"og:site_name\" content=\"PASS - Promoting Accessible Shows\" \/>\n<meta property=\"article:modified_time\" content=\"2024-10-09T17:14:10+00:00\" \/>\n<meta name=\"twitter:card\" content=\"summary_large_image\" \/>\n<meta name=\"twitter:label1\" content=\"Arvioitu lukuaika\" \/>\n\t<meta name=\"twitter:data1\" content=\"1 minuutti\" \/>\n<script type=\"application\/ld+json\" class=\"yoast-schema-graph\">{\"@context\":\"https:\\\/\\\/schema.org\",\"@graph\":[{\"@type\":\"WebPage\",\"@id\":\"https:\\\/\\\/www.letspass.eu\\\/fi\\\/\",\"url\":\"https:\\\/\\\/www.letspass.eu\\\/fi\\\/\",\"name\":\"Home | PASS - Promoting Accessible Shows\",\"isPartOf\":{\"@id\":\"https:\\\/\\\/www.letspass.eu\\\/#website\"},\"datePublished\":\"2024-05-13T09:28:39+00:00\",\"dateModified\":\"2024-10-09T17:14:10+00:00\",\"description\":\"\u201dLet\u2019s PASS\u201d is a call to action, a call for a change of perspective, a counter-narrative of disabilities in the performing arts.\",\"breadcrumb\":{\"@id\":\"https:\\\/\\\/www.letspass.eu\\\/fi\\\/#breadcrumb\"},\"inLanguage\":\"fi\",\"potentialAction\":[{\"@type\":\"ReadAction\",\"target\":[\"https:\\\/\\\/www.letspass.eu\\\/fi\\\/\"]}]},{\"@type\":\"BreadcrumbList\",\"@id\":\"https:\\\/\\\/www.letspass.eu\\\/fi\\\/#breadcrumb\",\"itemListElement\":[{\"@type\":\"ListItem\",\"position\":1,\"name\":\"Home\",\"item\":\"https:\\\/\\\/www.letspass.eu\\\/fi\\\/\"},{\"@type\":\"ListItem\",\"position\":2,\"name\":\"Home\"}]},{\"@type\":\"WebSite\",\"@id\":\"https:\\\/\\\/www.letspass.eu\\\/#website\",\"url\":\"https:\\\/\\\/www.letspass.eu\\\/\",\"name\":\"PASS - Promoting Accessible Shows\",\"description\":\"\",\"publisher\":{\"@id\":\"https:\\\/\\\/www.letspass.eu\\\/#organization\"},\"potentialAction\":[{\"@type\":\"SearchAction\",\"target\":{\"@type\":\"EntryPoint\",\"urlTemplate\":\"https:\\\/\\\/www.letspass.eu\\\/?s={search_term_string}\"},\"query-input\":{\"@type\":\"PropertyValueSpecification\",\"valueRequired\":true,\"valueName\":\"search_term_string\"}}],\"inLanguage\":\"fi\"},{\"@type\":\"Organization\",\"@id\":\"https:\\\/\\\/www.letspass.eu\\\/#organization\",\"name\":\"PASS - Promoting Accessible Shows\",\"url\":\"https:\\\/\\\/www.letspass.eu\\\/\",\"logo\":{\"@type\":\"ImageObject\",\"inLanguage\":\"fi\",\"@id\":\"https:\\\/\\\/www.letspass.eu\\\/#\\\/schema\\\/logo\\\/image\\\/\",\"url\":\"https:\\\/\\\/www.letspass.eu\\\/wp-content\\\/uploads\\\/2024\\\/05\\\/logo-pass.png\",\"contentUrl\":\"https:\\\/\\\/www.letspass.eu\\\/wp-content\\\/uploads\\\/2024\\\/05\\\/logo-pass.png\",\"width\":339,\"height\":109,\"caption\":\"PASS - Promoting Accessible Shows\"},\"image\":{\"@id\":\"https:\\\/\\\/www.letspass.eu\\\/#\\\/schema\\\/logo\\\/image\\\/\"}}]}<\/script>\n<!-- \/ Yoast SEO plugin. -->","yoast_head_json":{"title":"Home | PASS - Promoting Accessible Shows","description":"\u201dLet\u2019s PASS\u201d is a call to action, a call for a change of perspective, a counter-narrative of disabilities in the performing arts.","robots":{"index":"index","follow":"follow","max-snippet":"max-snippet:-1","max-image-preview":"max-image-preview:large","max-video-preview":"max-video-preview:-1"},"canonical":"https:\/\/www.letspass.eu\/fi\/","og_locale":"fi_FI","og_type":"article","og_title":"Home | PASS - Promoting Accessible Shows","og_description":"\u201dLet\u2019s PASS\u201d is a call to action, a call for a change of perspective, a counter-narrative of disabilities in the performing arts.","og_url":"https:\/\/www.letspass.eu\/fi\/","og_site_name":"PASS - Promoting Accessible Shows","article_modified_time":"2024-10-09T17:14:10+00:00","twitter_card":"summary_large_image","twitter_misc":{"Arvioitu lukuaika":"1 minuutti"},"schema":{"@context":"https:\/\/schema.org","@graph":[{"@type":"WebPage","@id":"https:\/\/www.letspass.eu\/fi\/","url":"https:\/\/www.letspass.eu\/fi\/","name":"Home | PASS - Promoting Accessible Shows","isPartOf":{"@id":"https:\/\/www.letspass.eu\/#website"},"datePublished":"2024-05-13T09:28:39+00:00","dateModified":"2024-10-09T17:14:10+00:00","description":"\u201dLet\u2019s PASS\u201d is a call to action, a call for a change of perspective, a counter-narrative of disabilities in the performing arts.","breadcrumb":{"@id":"https:\/\/www.letspass.eu\/fi\/#breadcrumb"},"inLanguage":"fi","potentialAction":[{"@type":"ReadAction","target":["https:\/\/www.letspass.eu\/fi\/"]}]},{"@type":"BreadcrumbList","@id":"https:\/\/www.letspass.eu\/fi\/#breadcrumb","itemListElement":[{"@type":"ListItem","position":1,"name":"Home","item":"https:\/\/www.letspass.eu\/fi\/"},{"@type":"ListItem","position":2,"name":"Home"}]},{"@type":"WebSite","@id":"https:\/\/www.letspass.eu\/#website","url":"https:\/\/www.letspass.eu\/","name":"PASS - Promoting Accessible Shows","description":"","publisher":{"@id":"https:\/\/www.letspass.eu\/#organization"},"potentialAction":[{"@type":"SearchAction","target":{"@type":"EntryPoint","urlTemplate":"https:\/\/www.letspass.eu\/?s={search_term_string}"},"query-input":{"@type":"PropertyValueSpecification","valueRequired":true,"valueName":"search_term_string"}}],"inLanguage":"fi"},{"@type":"Organization","@id":"https:\/\/www.letspass.eu\/#organization","name":"PASS - Promoting Accessible Shows","url":"https:\/\/www.letspass.eu\/","logo":{"@type":"ImageObject","inLanguage":"fi","@id":"https:\/\/www.letspass.eu\/#\/schema\/logo\/image\/","url":"https:\/\/www.letspass.eu\/wp-content\/uploads\/2024\/05\/logo-pass.png","contentUrl":"https:\/\/www.letspass.eu\/wp-content\/uploads\/2024\/05\/logo-pass.png","width":339,"height":109,"caption":"PASS - Promoting Accessible Shows"},"image":{"@id":"https:\/\/www.letspass.eu\/#\/schema\/logo\/image\/"}}]}},"_links":{"self":[{"href":"https:\/\/www.letspass.eu\/fi\/wp-json\/wp\/v2\/pages\/470","targetHints":{"allow":["GET"]}}],"collection":[{"href":"https:\/\/www.letspass.eu\/fi\/wp-json\/wp\/v2\/pages"}],"about":[{"href":"https:\/\/www.letspass.eu\/fi\/wp-json\/wp\/v2\/types\/page"}],"author":[{"embeddable":true,"href":"https:\/\/www.letspass.eu\/fi\/wp-json\/wp\/v2\/users\/1"}],"replies":[{"embeddable":true,"href":"https:\/\/www.letspass.eu\/fi\/wp-json\/wp\/v2\/comments?post=470"}],"version-history":[{"count":4,"href":"https:\/\/www.letspass.eu\/fi\/wp-json\/wp\/v2\/pages\/470\/revisions"}],"predecessor-version":[{"id":893,"href":"https:\/\/www.letspass.eu\/fi\/wp-json\/wp\/v2\/pages\/470\/revisions\/893"}],"wp:attachment":[{"href":"https:\/\/www.letspass.eu\/fi\/wp-json\/wp\/v2\/media?parent=470"}],"curies":[{"name":"wp","href":"https:\/\/api.w.org\/{rel}","templated":true}]}}